{"id":5185,"date":"2013-09-16T06:41:24","date_gmt":"2013-09-16T06:41:24","guid":{"rendered":"http:\/\/fatihiselbiseleri.com\/?page_id=20"},"modified":"2013-09-16T06:41:24","modified_gmt":"2013-09-16T06:41:24","slug":"iselbiseleri","status":"publish","type":"page","link":"https:\/\/iselbiselerifiyatlari.com\/index.php\/urunler\/iselbiseleri\/","title":{"rendered":"\u0130\u015f Elbiseleri"},"content":{"rendered":"<ul>\n<li>\n<h2><span style=\"color: #000000;\"><a style=\"color: #000000;\" href=\"http:\/\/fatihiselbiseleri.com\/urunler\/tekstil\/bisiklet-yaka-tisort\/\">Bisiklet Yaka Ti\u015f\u00f6rt<\/a><\/span><\/h2>\n<\/li>\n<li>\n<h2 class=\"entry-title format-icon\"><span style=\"color: #000000;\"><a style=\"color: #000000;\" href=\"http:\/\/fatihiselbiseleri.com\/urunler\/tekstil\/polo-yaka-tisort\/\">Polo Yaka Ti\u015f\u00f6rt<\/a><\/span><\/h2>\n<\/li>\n<li>\n<h2 class=\"entry-title format-icon\"><span style=\"color: #000000;\"><a style=\"color: #000000;\" href=\"http:\/\/fatihiselbiseleri.com\/urunler\/tekstil\/sweatshirt\/\">Sweatshirt<\/a><\/span><\/h2>\n<\/li>\n<li>\n<h2><span style=\"color: #000000;\"><a style=\"color: #000000;\" href=\"http:\/\/fatihiselbiseleri.com\/urunler\/tekstil\/gida-ve-temizlik-kiyafetleri\/\">G\u0131da ve Temizlik K\u0131yafetleri<\/a><\/span><\/h2>\n<\/li>\n<li>\n<h2><span style=\"color: #000000;\"><a style=\"color: #000000;\" href=\"http:\/\/fatihiselbiseleri.com\/urunler\/tekstil\/promosyon-yelek-mont\/\">Yelek \u2013 Mont \u2013 Kaban \u2013 Ya\u011fmurluk<\/a><\/span><\/h2>\n<\/li>\n<li>\n<h2><span style=\"color: #000000;\"><a style=\"color: #000000;\" href=\"http:\/\/fatihiselbiseleri.com\/urunler\/tekstil\/reflektif-yelek-reflektorlu-ikaz-yelegi\/\">Reflektif Yelek \u2013 \u0130kaz Yele\u011fi<\/a><\/span><\/h2>\n<\/li>\n<li>\n<h2><span style=\"color: #000000;\"><a style=\"color: #000000;\" href=\"http:\/\/fatihiselbiseleri.com\/urunler\/tekstil\/bez-canta\/\">Bez \u00c7anta<\/a><\/span><\/h2>\n<\/li>\n<li>\n<h2><span style=\"color: #000000;\"><a style=\"color: #000000;\" href=\"http:\/\/fatihiselbiseleri.com\/urunler\/tekstil\/sapka-ve-bere\/\">\u015eapka ve Bere<\/a><\/span><\/h2>\n<\/li>\n<li>\n<h2><span style=\"color: #000000;\"><a style=\"color: #000000;\" href=\"http:\/\/fatihiselbiseleri.com\/urunler\/tekstil\/is-ayakkabilari\/\">\u0130\u015f Ayakkab\u0131lar\u0131<\/a><\/span><\/h2>\n<\/li>\n<\/ul>\n","protected":false},"excerpt":{"rendered":"<p>Bisiklet Yaka Ti\u015f\u00f6rt Polo Yaka Ti\u015f\u00f6rt Sweatshirt G\u0131da ve Temizlik K\u0131yafetleri Yelek \u2013 Mont \u2013 Kaban \u2013 Ya\u011fmurluk Reflektif Yelek \u2013 \u0130kaz Yele\u011fi Bez \u00c7anta \u015eapka ve Bere \u0130\u015f Ayakkab\u0131lar\u0131<\/p>\n","protected":false},"author":1,"featured_media":0,"parent":5184,"menu_order":0,"comment_status":"open","ping_status":"open","template":"","meta":{"footnotes":""},"class_list":["post-5185","page","type-page","status-publish","hentry"],"_links":{"self":[{"href":"https:\/\/iselbiselerifiyatlari.com\/index.php\/wp-json\/wp\/v2\/pages\/5185","targetHints":{"allow":["GET"]}}],"collection":[{"href":"https:\/\/iselbiselerifiyatlari.com\/index.php\/wp-json\/wp\/v2\/pages"}],"about":[{"href":"https:\/\/iselbiselerifiyatlari.com\/index.php\/wp-json\/wp\/v2\/types\/page"}],"author":[{"embeddable":true,"href":"https:\/\/iselbiselerifiyatlari.com\/index.php\/wp-json\/wp\/v2\/users\/1"}],"replies":[{"embeddable":true,"href":"https:\/\/iselbiselerifiyatlari.com\/index.php\/wp-json\/wp\/v2\/comments?post=5185"}],"version-history":[{"count":0,"href":"https:\/\/iselbiselerifiyatlari.com\/index.php\/wp-json\/wp\/v2\/pages\/5185\/revisions"}],"up":[{"embeddable":true,"href":"https:\/\/iselbiselerifiyatlari.com\/index.php\/wp-json\/wp\/v2\/pages\/5184"}],"wp:attachment":[{"href":"https:\/\/iselbiselerifiyatlari.com\/index.php\/wp-json\/wp\/v2\/media?parent=5185"}],"curies":[{"name":"wp","href":"https:\/\/api.w.org\/{rel}","templated":true}]}}