{"id":5182,"date":"2013-09-13T16:40:26","date_gmt":"2013-09-13T16:40:26","guid":{"rendered":"http:\/\/fatihiselbiseleri.com\/?page_id=2"},"modified":"2013-09-13T16:40:26","modified_gmt":"2013-09-13T16:40:26","slug":"sample-page","status":"publish","type":"page","link":"https:\/\/iselbiselerifiyatlari.com\/index.php\/sample-page\/","title":{"rendered":"Nak\u0131\u015f D\u00fcnyas\u0131"},"content":{"rendered":"<h3 style=\"text-align: center;\"><span style=\"color: #ff6600;\"><strong>Nak\u0131\u015f D\u00fcnyas\u0131 &#8211; Tekstil Dijital Bask\u0131 ve Ki\u015fiye \u00d6zel Hediyelik \u00fcr\u00fcnler imalat\u0131.<\/strong><\/span><\/h3>\n<p><strong>\u00a0Nak\u0131\u015f: \u00a0\u00a0\u00dcr\u00fcnlerimiz A kalite Nak\u0131\u015f s\u0131kl\u0131\u011f\u0131. Son sistem Nak\u0131\u015f makineleri kullanarak, \u00a0profesyonel Desen \u00e7izim ve nak\u0131\u015f operat\u00f6rlerimiz \u00a0ile \u00fcretilmektedir.<\/strong><br \/>\n&nbsp;<br \/>\n&nbsp;<\/p>\n","protected":false},"excerpt":{"rendered":"<p>Nak\u0131\u015f D\u00fcnyas\u0131 &#8211; Tekstil Dijital Bask\u0131 ve Ki\u015fiye \u00d6zel Hediyelik \u00fcr\u00fcnler imalat\u0131. \u00a0Nak\u0131\u015f: \u00a0\u00a0\u00dcr\u00fcnlerimiz A kalite Nak\u0131\u015f s\u0131kl\u0131\u011f\u0131. Son sistem Nak\u0131\u015f makineleri kullanarak, \u00a0profesyonel Desen \u00e7izim ve nak\u0131\u015f operat\u00f6rlerimiz \u00a0ile \u00fcretilmektedir. &nbsp; &nbsp;<\/p>\n","protected":false},"author":1,"featured_media":0,"parent":0,"menu_order":0,"comment_status":"open","ping_status":"open","template":"custom-page.php","meta":{"footnotes":""},"class_list":["post-5182","page","type-page","status-publish","hentry"],"_links":{"self":[{"href":"https:\/\/iselbiselerifiyatlari.com\/index.php\/wp-json\/wp\/v2\/pages\/5182","targetHints":{"allow":["GET"]}}],"collection":[{"href":"https:\/\/iselbiselerifiyatlari.com\/index.php\/wp-json\/wp\/v2\/pages"}],"about":[{"href":"https:\/\/iselbiselerifiyatlari.com\/index.php\/wp-json\/wp\/v2\/types\/page"}],"author":[{"embeddable":true,"href":"https:\/\/iselbiselerifiyatlari.com\/index.php\/wp-json\/wp\/v2\/users\/1"}],"replies":[{"embeddable":true,"href":"https:\/\/iselbiselerifiyatlari.com\/index.php\/wp-json\/wp\/v2\/comments?post=5182"}],"version-history":[{"count":0,"href":"https:\/\/iselbiselerifiyatlari.com\/index.php\/wp-json\/wp\/v2\/pages\/5182\/revisions"}],"wp:attachment":[{"href":"https:\/\/iselbiselerifiyatlari.com\/index.php\/wp-json\/wp\/v2\/media?parent=5182"}],"curies":[{"name":"wp","href":"https:\/\/api.w.org\/{rel}","templated":true}]}}