{"id":4338,"date":"2017-08-03T21:25:21","date_gmt":"2017-08-03T19:25:21","guid":{"rendered":"http:\/\/fatihiselbiseleri.com\/?page_id=4338"},"modified":"2017-08-03T21:25:21","modified_gmt":"2017-08-03T19:25:21","slug":"is-onlukleri","status":"publish","type":"page","link":"https:\/\/iselbiselerifiyatlari.com\/index.php\/is-kiyafetleri\/is-onlukleri\/","title":{"rendered":"\u0130\u015f \u00d6nl\u00fckleri"},"content":{"rendered":"<p>\n<style type=\"text\/css\" data-created_by=\"avia_inline_auto\" id=\"style-css-av-eafole-10019c884ce06292293bf7eb12449f88\">\n.flex_column.av-eafole-10019c884ce06292293bf7eb12449f88{\nborder-radius:0px 0px 0px 0px;\n-webkit-border-radius:0px 0px 0px 0px;\n-moz-border-radius:0px 0px 0px 0px;\n}\n<\/style>\n<div class='flex_column av-eafole-10019c884ce06292293bf7eb12449f88 av_one_full  avia-builder-el-0  el_before_av_one_half  avia-builder-el-first  first flex_column_div av-zero-column-padding '   ><p>\n<style type=\"text\/css\" data-created_by=\"avia_inline_auto\" id=\"style-css-av-jiay83lu-99bedde7fa92a052423f8e34425587a3\">\n#top .av-special-heading.av-jiay83lu-99bedde7fa92a052423f8e34425587a3{\npadding-bottom:10px;\n}\nbody .av-special-heading.av-jiay83lu-99bedde7fa92a052423f8e34425587a3 .av-special-heading-tag .heading-char{\nfont-size:25px;\n}\n.av-special-heading.av-jiay83lu-99bedde7fa92a052423f8e34425587a3 .av-subheading{\nfont-size:15px;\n}\n<\/style>\n<div  class='av-special-heading av-jiay83lu-99bedde7fa92a052423f8e34425587a3 av-special-heading-h3  avia-builder-el-1  el_before_av_textblock  avia-builder-el-first '><h3 class='av-special-heading-tag'  itemprop=\"headline\"  >\u0130\u015e \u00d6NL\u00dcKLER\u0130<\/h3><div class=\"special-heading-border\"><div class=\"special-heading-inner-border\"><\/div><\/div><\/div><br \/>\n<section  class='av_textblock_section av-jiay9tzd-b4007ee08b9aa838fccfe2b375e0f61b'  itemscope=\"itemscope\" itemtype=\"https:\/\/schema.org\/CreativeWork\" ><div class='avia_textblock'  itemprop=\"text\" ><p>Zorlu \u00e7al\u0131\u015fma temposunda size yard\u0131\u0131mc\u0131 olabilecek \u00fcr\u00fcnleri Kalite ve uygun fiyat garantisi ile sizlere sunuyoruz. <strong>i\u015f \u00f6nl\u00fckleri<\/strong>\u00a0 ; <strong>Doktor \u00f6nl\u00fc\u011f\u00fc, Garson \u00f6nl\u00fc\u011f\u00fc,<\/strong>\u00a0<strong>Ask\u0131l\u0131 \u00d6nl\u00fck<\/strong>,\u00a0<strong>Bel ba\u011flamal\u0131 \u00f6nl\u00fck, Bula\u015f\u0131k \u00f6nl\u00fc\u011f\u00fc<\/strong>\u00a0olmak \u00fczere imalat yap\u0131lmaktad\u0131r.<\/p>\n<\/div><\/section><\/p><\/div><br \/>\n\n<style type=\"text\/css\" data-created_by=\"avia_inline_auto\" id=\"style-css-av-cg8a4i-25dbb455d05ce2d604db59bf473046aa\">\n.flex_column.av-cg8a4i-25dbb455d05ce2d604db59bf473046aa{\nborder-radius:0px 0px 0px 0px;\n-webkit-border-radius:0px 0px 0px 0px;\n-moz-border-radius:0px 0px 0px 0px;\n}\n<\/style>\n<div class='flex_column av-cg8a4i-25dbb455d05ce2d604db59bf473046aa av_one_half  avia-builder-el-3  el_after_av_one_full  el_before_av_one_half  first flex_column_div av-zero-column-padding column-top-margin'   ><p>\n<style type=\"text\/css\" data-created_by=\"avia_inline_auto\" id=\"style-css-av-jiayadrq-57159cf0d0d8f0068dc8e1ef6f54ca1c\">\n.avia-image-container.av-jiayadrq-57159cf0d0d8f0068dc8e1ef6f54ca1c .av-image-caption-overlay-center{\ncolor:#ffffff;\n}\n<\/style>\n<div  class='avia-image-container av-jiayadrq-57159cf0d0d8f0068dc8e1ef6f54ca1c av-styling- avia_animated_image avia_animate_when_almost_visible bottom-to-top avia-align-center  avia-builder-el-4  el_before_av_heading  avia-builder-el-first '  itemprop=\"image\" itemscope=\"itemscope\" itemtype=\"https:\/\/schema.org\/ImageObject\" ><div class=\"avia-image-container-inner\"><div class=\"avia-image-overlay-wrap\"><a href=\"https:\/\/iselbiselerifiyatlari.com\/wp-content\/uploads\/2018\/06\/is-onlugu-beyaz-erkek-scaled-1-1030x666.jpg\" data-srcset=\"https:\/\/iselbiselerifiyatlari.com\/wp-content\/uploads\/2018\/06\/is-onlugu-beyaz-erkek-scaled-1-1030x666.jpg 1030w, https:\/\/iselbiselerifiyatlari.com\/wp-content\/uploads\/2018\/06\/is-onlugu-beyaz-erkek-scaled-1-300x194.jpg 300w, https:\/\/iselbiselerifiyatlari.com\/wp-content\/uploads\/2018\/06\/is-onlugu-beyaz-erkek-scaled-1-768x497.jpg 768w, https:\/\/iselbiselerifiyatlari.com\/wp-content\/uploads\/2018\/06\/is-onlugu-beyaz-erkek-scaled-1-1536x993.jpg 1536w, https:\/\/iselbiselerifiyatlari.com\/wp-content\/uploads\/2018\/06\/is-onlugu-beyaz-erkek-scaled-1-2048x1324.jpg 2048w, https:\/\/iselbiselerifiyatlari.com\/wp-content\/uploads\/2018\/06\/is-onlugu-beyaz-erkek-scaled-1-1500x970.jpg 1500w, https:\/\/iselbiselerifiyatlari.com\/wp-content\/uploads\/2018\/06\/is-onlugu-beyaz-erkek-scaled-1-705x456.jpg 705w\" data-sizes=\"(max-width: 1030px) 100vw, 1030px\" class='avia_image' ><img loading=\"lazy\" decoding=\"async\" class='wp-image-4691 avia-img-lazy-loading-4691 avia_image' src=\"https:\/\/iselbiselerifiyatlari.com\/wp-content\/uploads\/2018\/06\/is-onlugu-beyaz-erkek-scaled-1-1030x666.jpg\" alt='Erkek i\u015f \u00f6nl\u00fc\u011f\u00fc' title='i\u015f \u00f6nl\u00fc\u011f\u00fc beyaz erkek'  height=\"666\" width=\"1030\"  itemprop=\"thumbnailUrl\" srcset=\"https:\/\/iselbiselerifiyatlari.com\/wp-content\/uploads\/2018\/06\/is-onlugu-beyaz-erkek-scaled-1-1030x666.jpg 1030w, https:\/\/iselbiselerifiyatlari.com\/wp-content\/uploads\/2018\/06\/is-onlugu-beyaz-erkek-scaled-1-300x194.jpg 300w, https:\/\/iselbiselerifiyatlari.com\/wp-content\/uploads\/2018\/06\/is-onlugu-beyaz-erkek-scaled-1-768x497.jpg 768w, https:\/\/iselbiselerifiyatlari.com\/wp-content\/uploads\/2018\/06\/is-onlugu-beyaz-erkek-scaled-1-1536x993.jpg 1536w, https:\/\/iselbiselerifiyatlari.com\/wp-content\/uploads\/2018\/06\/is-onlugu-beyaz-erkek-scaled-1-2048x1324.jpg 2048w, https:\/\/iselbiselerifiyatlari.com\/wp-content\/uploads\/2018\/06\/is-onlugu-beyaz-erkek-scaled-1-1500x970.jpg 1500w, https:\/\/iselbiselerifiyatlari.com\/wp-content\/uploads\/2018\/06\/is-onlugu-beyaz-erkek-scaled-1-705x456.jpg 705w\" sizes=\"auto, (max-width: 1030px) 100vw, 1030px\" \/><\/a><\/div><\/div><\/div><br \/>\n\n<style type=\"text\/css\" data-created_by=\"avia_inline_auto\" id=\"style-css-av-jiayb0n3-839934c57a87aa18cd685b0a82bbdc68\">\n#top .av-special-heading.av-jiayb0n3-839934c57a87aa18cd685b0a82bbdc68{\npadding-bottom:10px;\n}\nbody .av-special-heading.av-jiayb0n3-839934c57a87aa18cd685b0a82bbdc68 .av-special-heading-tag .heading-char{\nfont-size:25px;\n}\n.av-special-heading.av-jiayb0n3-839934c57a87aa18cd685b0a82bbdc68 .av-subheading{\nfont-size:15px;\n}\n<\/style>\n<div  class='av-special-heading av-jiayb0n3-839934c57a87aa18cd685b0a82bbdc68 av-special-heading-h3 blockquote modern-quote modern-centered  avia-builder-el-5  el_after_av_image  el_before_av_textblock '><h3 class='av-special-heading-tag'  itemprop=\"headline\"  >\u0130\u015e \u00d6NL\u00dc\u011e\u00dc ERKEK<\/h3><div class=\"special-heading-border\"><div class=\"special-heading-inner-border\"><\/div><\/div><\/div><br \/>\n<section  class='av_textblock_section av-jiaybm3e-241ce18d0b9700a3b792462ec5815adb'  itemscope=\"itemscope\" itemtype=\"https:\/\/schema.org\/CreativeWork\" ><div class='avia_textblock'  itemprop=\"text\" ><ul>\n<li style=\"text-align: left;\">\u0130\u015f \u00d6nl\u00fc\u011f\u00fc Beyaz<\/li>\n<li>Alpaka<\/li>\n<\/ul>\n<\/div><\/section><br \/>\n<div  class='avia-button-wrap avia-button-center  avia-builder-el-7  el_after_av_textblock  avia-builder-el-last ' ><a href=''  class='avia-button av-bc2lde-20a4392023715e3ad351cb4507a05047 avia-icon_select-yes-left-icon avia-size-medium avia-position-center avia-color-theme-color' ><span class='avia_button_icon avia_button_icon_left' aria-hidden='true' data-av_icon='\ue811' data-av_iconfont='entypo-fontello'><\/span><span class='avia_iconbox_title' >\u00dcr\u00fcn A\u00e7\u0131klama<\/span><\/a><\/div><\/p><\/div><br \/>\n\n<style type=\"text\/css\" data-created_by=\"avia_inline_auto\" id=\"style-css-av-zolmq-1f8d454f52b149377b6b8462e5bd9804\">\n.flex_column.av-zolmq-1f8d454f52b149377b6b8462e5bd9804{\nborder-radius:0px 0px 0px 0px;\n-webkit-border-radius:0px 0px 0px 0px;\n-moz-border-radius:0px 0px 0px 0px;\n}\n<\/style>\n<div class='flex_column av-zolmq-1f8d454f52b149377b6b8462e5bd9804 av_one_half  avia-builder-el-8  el_after_av_one_half  el_before_av_one_half  flex_column_div av-zero-column-padding column-top-margin'   ><p>\n<style type=\"text\/css\" data-created_by=\"avia_inline_auto\" id=\"style-css-av-jiayadrq-2ff05bea12f4731e596c1aee957b6746\">\n.avia-image-container.av-jiayadrq-2ff05bea12f4731e596c1aee957b6746 .av-image-caption-overlay-center{\ncolor:#ffffff;\n}\n<\/style>\n<div  class='avia-image-container av-jiayadrq-2ff05bea12f4731e596c1aee957b6746 av-styling- avia_animated_image avia_animate_when_almost_visible bottom-to-top avia-align-center  avia-builder-el-9  el_before_av_heading  avia-builder-el-first '  itemprop=\"image\" itemscope=\"itemscope\" itemtype=\"https:\/\/schema.org\/ImageObject\" ><div class=\"avia-image-container-inner\"><div class=\"avia-image-overlay-wrap\"><a href=\"https:\/\/iselbiselerifiyatlari.com\/wp-content\/uploads\/2018\/06\/is-onlugu-askili-scaled-1-1030x666.jpg\" data-srcset=\"https:\/\/iselbiselerifiyatlari.com\/wp-content\/uploads\/2018\/06\/is-onlugu-askili-scaled-1-1030x666.jpg 1030w, https:\/\/iselbiselerifiyatlari.com\/wp-content\/uploads\/2018\/06\/is-onlugu-askili-scaled-1-300x194.jpg 300w, https:\/\/iselbiselerifiyatlari.com\/wp-content\/uploads\/2018\/06\/is-onlugu-askili-scaled-1-768x497.jpg 768w, https:\/\/iselbiselerifiyatlari.com\/wp-content\/uploads\/2018\/06\/is-onlugu-askili-scaled-1-1536x993.jpg 1536w, https:\/\/iselbiselerifiyatlari.com\/wp-content\/uploads\/2018\/06\/is-onlugu-askili-scaled-1-2048x1324.jpg 2048w, https:\/\/iselbiselerifiyatlari.com\/wp-content\/uploads\/2018\/06\/is-onlugu-askili-scaled-1-1500x970.jpg 1500w, https:\/\/iselbiselerifiyatlari.com\/wp-content\/uploads\/2018\/06\/is-onlugu-askili-scaled-1-705x456.jpg 705w\" data-sizes=\"(max-width: 1030px) 100vw, 1030px\" class='avia_image' ><img loading=\"lazy\" decoding=\"async\" class='wp-image-4694 avia-img-lazy-loading-4694 avia_image' src=\"https:\/\/iselbiselerifiyatlari.com\/wp-content\/uploads\/2018\/06\/is-onlugu-askili-scaled-1-1030x666.jpg\" alt='Garson \u00f6nl\u00fc\u011f\u00fc' title='i\u015f \u00f6nl\u00fc\u011f\u00fc ask\u0131l\u0131'  height=\"666\" width=\"1030\"  itemprop=\"thumbnailUrl\" srcset=\"https:\/\/iselbiselerifiyatlari.com\/wp-content\/uploads\/2018\/06\/is-onlugu-askili-scaled-1-1030x666.jpg 1030w, https:\/\/iselbiselerifiyatlari.com\/wp-content\/uploads\/2018\/06\/is-onlugu-askili-scaled-1-300x194.jpg 300w, https:\/\/iselbiselerifiyatlari.com\/wp-content\/uploads\/2018\/06\/is-onlugu-askili-scaled-1-768x497.jpg 768w, https:\/\/iselbiselerifiyatlari.com\/wp-content\/uploads\/2018\/06\/is-onlugu-askili-scaled-1-1536x993.jpg 1536w, https:\/\/iselbiselerifiyatlari.com\/wp-content\/uploads\/2018\/06\/is-onlugu-askili-scaled-1-2048x1324.jpg 2048w, https:\/\/iselbiselerifiyatlari.com\/wp-content\/uploads\/2018\/06\/is-onlugu-askili-scaled-1-1500x970.jpg 1500w, https:\/\/iselbiselerifiyatlari.com\/wp-content\/uploads\/2018\/06\/is-onlugu-askili-scaled-1-705x456.jpg 705w\" sizes=\"auto, (max-width: 1030px) 100vw, 1030px\" \/><\/a><\/div><\/div><\/div><br \/>\n\n<style type=\"text\/css\" data-created_by=\"avia_inline_auto\" id=\"style-css-av-jiayb0n3-26691b53312d35642b4dbae250150f3e\">\n#top .av-special-heading.av-jiayb0n3-26691b53312d35642b4dbae250150f3e{\npadding-bottom:10px;\n}\nbody .av-special-heading.av-jiayb0n3-26691b53312d35642b4dbae250150f3e .av-special-heading-tag .heading-char{\nfont-size:25px;\n}\n.av-special-heading.av-jiayb0n3-26691b53312d35642b4dbae250150f3e .av-subheading{\nfont-size:15px;\n}\n<\/style>\n<div  class='av-special-heading av-jiayb0n3-26691b53312d35642b4dbae250150f3e av-special-heading-h3 blockquote modern-quote modern-centered  avia-builder-el-10  el_after_av_image  el_before_av_textblock '><h3 class='av-special-heading-tag'  itemprop=\"headline\"  >\u0130\u015e \u00d6NL\u00dc\u011e\u00dc ASKILI<\/h3><div class=\"special-heading-border\"><div class=\"special-heading-inner-border\"><\/div><\/div><\/div><br \/>\n<section  class='av_textblock_section av-jiaybm3e-241ce18d0b9700a3b792462ec5815adb'  itemscope=\"itemscope\" itemtype=\"https:\/\/schema.org\/CreativeWork\" ><div class='avia_textblock'  itemprop=\"text\" ><ul>\n<li style=\"text-align: left;\">\u0130\u015f \u00d6nl\u00fc\u011f\u00fc Ask\u0131l\u0131<\/li>\n<li>Alpaka<\/li>\n<\/ul>\n<\/div><\/section><br \/>\n<div  class='avia-button-wrap avia-button-center  avia-builder-el-12  el_after_av_textblock  avia-builder-el-last ' ><a href=''  class='avia-button av-7j2jcy-0680a4425fae6303398d4b81dd3f1e76 avia-icon_select-yes-left-icon avia-size-medium avia-position-center avia-color-theme-color' ><span class='avia_button_icon avia_button_icon_left' aria-hidden='true' data-av_icon='\ue811' data-av_iconfont='entypo-fontello'><\/span><span class='avia_iconbox_title' >\u00dcr\u00fcn A\u00e7\u0131klama<\/span><\/a><\/div><\/p><\/div>\n<style type=\"text\/css\" data-created_by=\"avia_inline_auto\" id=\"style-css-av-5t33ki-9fb1b60a3afec12b9fef59cd1f714b18\">\n.flex_column.av-5t33ki-9fb1b60a3afec12b9fef59cd1f714b18{\nborder-radius:0px 0px 0px 0px;\n-webkit-border-radius:0px 0px 0px 0px;\n-moz-border-radius:0px 0px 0px 0px;\n}\n<\/style>\n<div class='flex_column av-5t33ki-9fb1b60a3afec12b9fef59cd1f714b18 av_one_half  avia-builder-el-13  el_after_av_one_half  el_before_av_one_half  first flex_column_div av-zero-column-padding column-top-margin'   ><p>\n<style type=\"text\/css\" data-created_by=\"avia_inline_auto\" id=\"style-css-av-jiayadrq-a65bfd1fd0aa91cf303fa89ccf6fb1df\">\n.avia-image-container.av-jiayadrq-a65bfd1fd0aa91cf303fa89ccf6fb1df .av-image-caption-overlay-center{\ncolor:#ffffff;\n}\n<\/style>\n<div  class='avia-image-container av-jiayadrq-a65bfd1fd0aa91cf303fa89ccf6fb1df av-styling- avia_animated_image avia_animate_when_almost_visible bottom-to-top avia-align-center  avia-builder-el-14  el_before_av_heading  avia-builder-el-first '  itemprop=\"image\" itemscope=\"itemscope\" itemtype=\"https:\/\/schema.org\/ImageObject\" ><div class=\"avia-image-container-inner\"><div class=\"avia-image-overlay-wrap\"><a href=\"https:\/\/iselbiselerifiyatlari.com\/wp-content\/uploads\/2018\/06\/garson-onlugu-kisa-scaled-1-1030x666.jpg\" data-srcset=\"https:\/\/iselbiselerifiyatlari.com\/wp-content\/uploads\/2018\/06\/garson-onlugu-kisa-scaled-1-1030x666.jpg 1030w, https:\/\/iselbiselerifiyatlari.com\/wp-content\/uploads\/2018\/06\/garson-onlugu-kisa-scaled-1-300x194.jpg 300w, https:\/\/iselbiselerifiyatlari.com\/wp-content\/uploads\/2018\/06\/garson-onlugu-kisa-scaled-1-768x497.jpg 768w, https:\/\/iselbiselerifiyatlari.com\/wp-content\/uploads\/2018\/06\/garson-onlugu-kisa-scaled-1-1536x993.jpg 1536w, https:\/\/iselbiselerifiyatlari.com\/wp-content\/uploads\/2018\/06\/garson-onlugu-kisa-scaled-1-2048x1324.jpg 2048w, https:\/\/iselbiselerifiyatlari.com\/wp-content\/uploads\/2018\/06\/garson-onlugu-kisa-scaled-1-1500x970.jpg 1500w, https:\/\/iselbiselerifiyatlari.com\/wp-content\/uploads\/2018\/06\/garson-onlugu-kisa-scaled-1-705x456.jpg 705w\" data-sizes=\"(max-width: 1030px) 100vw, 1030px\" class='avia_image' ><img loading=\"lazy\" decoding=\"async\" class='wp-image-4697 avia-img-lazy-loading-4697 avia_image' src=\"https:\/\/iselbiselerifiyatlari.com\/wp-content\/uploads\/2018\/06\/garson-onlugu-kisa-scaled-1-1030x666.jpg\" alt='k\u0131sa \u00f6nl\u00fck garson giyim' title='garson \u00f6nl\u00fc\u011f\u00fc k\u0131sa'  height=\"666\" width=\"1030\"  itemprop=\"thumbnailUrl\" srcset=\"https:\/\/iselbiselerifiyatlari.com\/wp-content\/uploads\/2018\/06\/garson-onlugu-kisa-scaled-1-1030x666.jpg 1030w, https:\/\/iselbiselerifiyatlari.com\/wp-content\/uploads\/2018\/06\/garson-onlugu-kisa-scaled-1-300x194.jpg 300w, https:\/\/iselbiselerifiyatlari.com\/wp-content\/uploads\/2018\/06\/garson-onlugu-kisa-scaled-1-768x497.jpg 768w, https:\/\/iselbiselerifiyatlari.com\/wp-content\/uploads\/2018\/06\/garson-onlugu-kisa-scaled-1-1536x993.jpg 1536w, https:\/\/iselbiselerifiyatlari.com\/wp-content\/uploads\/2018\/06\/garson-onlugu-kisa-scaled-1-2048x1324.jpg 2048w, https:\/\/iselbiselerifiyatlari.com\/wp-content\/uploads\/2018\/06\/garson-onlugu-kisa-scaled-1-1500x970.jpg 1500w, https:\/\/iselbiselerifiyatlari.com\/wp-content\/uploads\/2018\/06\/garson-onlugu-kisa-scaled-1-705x456.jpg 705w\" sizes=\"auto, (max-width: 1030px) 100vw, 1030px\" \/><\/a><\/div><\/div><\/div><br \/>\n\n<style type=\"text\/css\" data-created_by=\"avia_inline_auto\" id=\"style-css-av-jiayb0n3-c5cda788b0f834bb7f6af685f136a146\">\n#top .av-special-heading.av-jiayb0n3-c5cda788b0f834bb7f6af685f136a146{\npadding-bottom:10px;\n}\nbody .av-special-heading.av-jiayb0n3-c5cda788b0f834bb7f6af685f136a146 .av-special-heading-tag .heading-char{\nfont-size:25px;\n}\n.av-special-heading.av-jiayb0n3-c5cda788b0f834bb7f6af685f136a146 .av-subheading{\nfont-size:15px;\n}\n<\/style>\n<div  class='av-special-heading av-jiayb0n3-c5cda788b0f834bb7f6af685f136a146 av-special-heading-h3 blockquote modern-quote modern-centered  avia-builder-el-15  el_after_av_image  el_before_av_textblock '><h3 class='av-special-heading-tag'  itemprop=\"headline\"  >GARSON \u00d6NL\u00dc\u011e\u00dc<\/h3><div class=\"special-heading-border\"><div class=\"special-heading-inner-border\"><\/div><\/div><\/div><br \/>\n<section  class='av_textblock_section av-jiaybm3e-241ce18d0b9700a3b792462ec5815adb'  itemscope=\"itemscope\" itemtype=\"https:\/\/schema.org\/CreativeWork\" ><div class='avia_textblock'  itemprop=\"text\" ><ul>\n<li style=\"text-align: left;\">Bel Ba\u011flamal\u0131<\/li>\n<li>Cepli<\/li>\n<li>Alpaka<\/li>\n<\/ul>\n<\/div><\/section><br \/>\n<div  class='avia-button-wrap avia-button-center  avia-builder-el-17  el_after_av_textblock  avia-builder-el-last ' ><a href=''  class='avia-button av-gsilu-5944d590cb839f1b98e869ae9eb3ef2f avia-icon_select-yes-left-icon avia-size-medium avia-position-center avia-color-theme-color' ><span class='avia_button_icon avia_button_icon_left' aria-hidden='true' data-av_icon='\ue811' data-av_iconfont='entypo-fontello'><\/span><span class='avia_iconbox_title' >\u00dcr\u00fcn A\u00e7\u0131klama<\/span><\/a><\/div><\/p><\/div><br \/>\n\n<style type=\"text\/css\" data-created_by=\"avia_inline_auto\" id=\"style-css-av-5t33ki-631540275d3afba23d3a584aaa0f6dd1\">\n.flex_column.av-5t33ki-631540275d3afba23d3a584aaa0f6dd1{\nborder-radius:0px 0px 0px 0px;\n-webkit-border-radius:0px 0px 0px 0px;\n-moz-border-radius:0px 0px 0px 0px;\n}\n<\/style>\n<div class='flex_column av-5t33ki-631540275d3afba23d3a584aaa0f6dd1 av_one_half  avia-builder-el-18  el_after_av_one_half  el_before_av_hr  flex_column_div av-zero-column-padding column-top-margin'   ><p>\n<style type=\"text\/css\" data-created_by=\"avia_inline_auto\" id=\"style-css-av-jiayadrq-3be6854cdd2899fe2a4332094e1a5511\">\n.avia-image-container.av-jiayadrq-3be6854cdd2899fe2a4332094e1a5511 .av-image-caption-overlay-center{\ncolor:#ffffff;\n}\n<\/style>\n<div  class='avia-image-container av-jiayadrq-3be6854cdd2899fe2a4332094e1a5511 av-styling- avia_animated_image avia_animate_when_almost_visible bottom-to-top avia-align-center  avia-builder-el-19  el_before_av_heading  avia-builder-el-first '  itemprop=\"image\" itemscope=\"itemscope\" itemtype=\"https:\/\/schema.org\/ImageObject\" ><div class=\"avia-image-container-inner\"><div class=\"avia-image-overlay-wrap\"><img decoding=\"async\" class='wp-image- avia-img-lazy-loading- avia_image' src=\"http:\/\/fatihiselbiseleri.com\/wp-content\/uploads\/2019\/11\/i\u015f-\u00f6nl\u00fc\u011f\u00fc-bel-ba\u011flamal\u0131-y\u0131rtma\u00e7l\u0131-\u00f6nl\u00fck-172x300.jpg\" alt='' title=''   itemprop=\"thumbnailUrl\"  \/><\/div><\/div><\/div><br \/>\n\n<style type=\"text\/css\" data-created_by=\"avia_inline_auto\" id=\"style-css-av-bdh02-0899307be753a6e61ec7ecb7504d77fe\">\n#top .av-special-heading.av-bdh02-0899307be753a6e61ec7ecb7504d77fe{\npadding-bottom:10px;\n}\nbody .av-special-heading.av-bdh02-0899307be753a6e61ec7ecb7504d77fe .av-special-heading-tag .heading-char{\nfont-size:25px;\n}\n.av-special-heading.av-bdh02-0899307be753a6e61ec7ecb7504d77fe .av-subheading{\nfont-size:15px;\n}\n<\/style>\n<div  class='av-special-heading av-bdh02-0899307be753a6e61ec7ecb7504d77fe av-special-heading-h3 blockquote modern-quote modern-centered  avia-builder-el-20  el_after_av_image  el_before_av_textblock '><h3 class='av-special-heading-tag'  itemprop=\"headline\"  >GARSON \u00d6NL\u00dc\u011e\u00dc<\/h3><div class=\"special-heading-border\"><div class=\"special-heading-inner-border\"><\/div><\/div><\/div><br \/>\n<section  class='av_textblock_section av-jiaybm3e-241ce18d0b9700a3b792462ec5815adb'  itemscope=\"itemscope\" itemtype=\"https:\/\/schema.org\/CreativeWork\" ><div class='avia_textblock'  itemprop=\"text\" ><ul>\n<li style=\"text-align: left;\">Bel Ba\u011flamal\u0131<\/li>\n<li>Y\u0131rtma\u00e7l\u0131<\/li>\n<li>Alpaka<\/li>\n<\/ul>\n<\/div><\/section><br \/>\n<div  class='avia-button-wrap avia-button-center  avia-builder-el-22  el_after_av_textblock  avia-builder-el-last ' ><a href=''  class='avia-button av-gsilu-5944d590cb839f1b98e869ae9eb3ef2f avia-icon_select-yes-left-icon avia-size-medium avia-position-center avia-color-theme-color' ><span class='avia_button_icon avia_button_icon_left' aria-hidden='true' data-av_icon='\ue811' data-av_iconfont='entypo-fontello'><\/span><span class='avia_iconbox_title' >\u00dcr\u00fcn A\u00e7\u0131klama<\/span><\/a><\/div><\/p><\/div><br \/>\n<div  class='hr av-2z0rc2-bf84dae48aa24343d7c06935dda94cc9 hr-default  avia-builder-el-23  el_after_av_one_half  avia-builder-el-last '><span class='hr-inner '><span class=\"hr-inner-style\"><\/span><\/span><\/div><\/p>\n","protected":false},"excerpt":{"rendered":"","protected":false},"author":1,"featured_media":0,"parent":4325,"menu_order":0,"comment_status":"closed","ping_status":"closed","template":"","meta":{"footnotes":""},"class_list":["post-4338","page","type-page","status-publish","hentry"],"_links":{"self":[{"href":"https:\/\/iselbiselerifiyatlari.com\/index.php\/wp-json\/wp\/v2\/pages\/4338","targetHints":{"allow":["GET"]}}],"collection":[{"href":"https:\/\/iselbiselerifiyatlari.com\/index.php\/wp-json\/wp\/v2\/pages"}],"about":[{"href":"https:\/\/iselbiselerifiyatlari.com\/index.php\/wp-json\/wp\/v2\/types\/page"}],"author":[{"embeddable":true,"href":"https:\/\/iselbiselerifiyatlari.com\/index.php\/wp-json\/wp\/v2\/users\/1"}],"replies":[{"embeddable":true,"href":"https:\/\/iselbiselerifiyatlari.com\/index.php\/wp-json\/wp\/v2\/comments?post=4338"}],"version-history":[{"count":0,"href":"https:\/\/iselbiselerifiyatlari.com\/index.php\/wp-json\/wp\/v2\/pages\/4338\/revisions"}],"up":[{"embeddable":true,"href":"https:\/\/iselbiselerifiyatlari.com\/index.php\/wp-json\/wp\/v2\/pages\/4325"}],"wp:attachment":[{"href":"https:\/\/iselbiselerifiyatlari.com\/index.php\/wp-json\/wp\/v2\/media?parent=4338"}],"curies":[{"name":"wp","href":"https:\/\/api.w.org\/{rel}","templated":true}]}}