{"id":16,"date":"2026-04-26T20:09:36","date_gmt":"2026-04-26T18:09:36","guid":{"rendered":"https:\/\/iselbiselerifiyatlari.com\/index.php\/sepet\/"},"modified":"2026-04-26T20:09:36","modified_gmt":"2026-04-26T18:09:36","slug":"sepet","status":"publish","type":"page","link":"https:\/\/iselbiselerifiyatlari.com\/index.php\/sepet\/","title":{"rendered":"Sepet"},"content":{"rendered":"\n<div data-block-name=\"woocommerce\/cart\" class=\"wp-block-woocommerce-cart alignwide is-loading\">\n<div data-block-name=\"woocommerce\/filled-cart-block\" class=\"wp-block-woocommerce-filled-cart-block\">\n<div data-block-name=\"woocommerce\/cart-items-block\" class=\"wp-block-woocommerce-cart-items-block\">\n<div data-block-name=\"woocommerce\/cart-line-items-block\" class=\"wp-block-woocommerce-cart-line-items-block\"><\/div>\n\n\n<\/div>\n\n\n\n\n<div data-block-name=\"woocommerce\/cart-totals-block\" class=\"wp-block-woocommerce-cart-totals-block\">\n<div data-block-name=\"woocommerce\/cart-order-summary-block\" class=\"wp-block-woocommerce-cart-order-summary-block\">\n<div data-block-name=\"woocommerce\/cart-order-summary-heading-block\" class=\"wp-block-woocommerce-cart-order-summary-heading-block\"><\/div><div data-block-name=\"woocommerce\/cart-order-summary-coupon-form-block\" class=\"wp-block-woocommerce-cart-order-summary-coupon-form-block\"><\/div><div data-block-name=\"woocommerce\/cart-order-summary-totals-block\" class=\"wp-block-woocommerce-cart-order-summary-totals-block\">\n<div data-block-name=\"woocommerce\/cart-order-summary-subtotal-block\" class=\"wp-block-woocommerce-cart-order-summary-subtotal-block\"><\/div>\n<div data-block-name=\"woocommerce\/cart-order-summary-discount-block\" class=\"wp-block-woocommerce-cart-order-summary-discount-block\"><\/div>\n<div data-block-name=\"woocommerce\/cart-order-summary-fee-block\" class=\"wp-block-woocommerce-cart-order-summary-fee-block\"><\/div>\n<div data-block-name=\"woocommerce\/cart-order-summary-shipping-block\" class=\"wp-block-woocommerce-cart-order-summary-shipping-block\"><\/div>\n<div data-block-name=\"woocommerce\/cart-order-summary-taxes-block\" class=\"wp-block-woocommerce-cart-order-summary-taxes-block\"><\/div><\/div>\n<\/div>\n\n\n\n<div data-block-name=\"woocommerce\/cart-express-payment-block\" class=\"wp-block-woocommerce-cart-express-payment-block\"><\/div>\n\n\n\n<div data-block-name=\"woocommerce\/proceed-to-checkout-block\" class=\"wp-block-woocommerce-proceed-to-checkout-block\"><\/div>\n\n\n\n<div data-block-name=\"woocommerce\/cart-accepted-payment-methods-block\" class=\"wp-block-woocommerce-cart-accepted-payment-methods-block\"><\/div>\n<\/div>\n<\/div>\n\n\n\n<div data-block-name=\"woocommerce\/empty-cart-block\" class=\"wp-block-woocommerce-empty-cart-block\">\n<h2 class=\"wp-block-heading has-text-align-center with-empty-cart-icon wc-block-cart__empty-cart__title\">Sepetiniz \u015fu anda bo\u015f!<\/h2>\n\n\n\n<hr class=\"wp-block-separator has-alpha-channel-opacity is-style-dots\"\/>\n\n\n\n<h2 class=\"wp-block-heading has-text-align-center\">Ma\u011fazada yeni<\/h2>\n\n\n<div data-block-name=\"woocommerce\/product-new\" data-columns=\"4\" data-rows=\"1\" class=\"wc-block-grid wp-block-product-new wp-block-woocommerce-product-new wc-block-product-new has-4-columns\"><ul class=\"wc-block-grid__products\"><li class=\"wc-block-grid__product\">\n\t\t\t\t<a href=\"https:\/\/iselbiselerifiyatlari.com\/index.php\/urun\/ozel-guvenlik-pantolonu\/\" class=\"wc-block-grid__product-link\">\n\t\t\t\t\t\n\t\t\t\t\t<div class=\"wc-block-grid__product-image\"><img loading=\"lazy\" decoding=\"async\" width=\"300\" height=\"300\" src=\"https:\/\/iselbiselerifiyatlari.com\/wp-content\/uploads\/2026\/05\/Ozel-Guvenlik-Pantolonu-Yeni-model-300x300.webp\" class=\"attachment-woocommerce_thumbnail size-woocommerce_thumbnail\" alt=\"Operasyonel \u015e\u0131kl\u0131k ve Maksimum Diren\u00e7: Yeni Tip \u00d6zel G\u00fcvenlik Pantolonu\" srcset=\"https:\/\/iselbiselerifiyatlari.com\/wp-content\/uploads\/2026\/05\/Ozel-Guvenlik-Pantolonu-Yeni-model-300x300.webp 300w, https:\/\/iselbiselerifiyatlari.com\/wp-content\/uploads\/2026\/05\/Ozel-Guvenlik-Pantolonu-Yeni-model-100x100.webp 100w, https:\/\/iselbiselerifiyatlari.com\/wp-content\/uploads\/2026\/05\/Ozel-Guvenlik-Pantolonu-Yeni-model-80x80.webp 80w, https:\/\/iselbiselerifiyatlari.com\/wp-content\/uploads\/2026\/05\/Ozel-Guvenlik-Pantolonu-Yeni-model-36x36.webp 36w, https:\/\/iselbiselerifiyatlari.com\/wp-content\/uploads\/2026\/05\/Ozel-Guvenlik-Pantolonu-Yeni-model-180x180.webp 180w, https:\/\/iselbiselerifiyatlari.com\/wp-content\/uploads\/2026\/05\/Ozel-Guvenlik-Pantolonu-Yeni-model-120x120.webp 120w, https:\/\/iselbiselerifiyatlari.com\/wp-content\/uploads\/2026\/05\/Ozel-Guvenlik-Pantolonu-Yeni-model-450x450.webp 450w\" sizes=\"auto, (max-width: 300px) 100vw, 300px\" \/><\/div>\n\t\t\t\t\t<div class=\"wc-block-grid__product-title\">\u00d6zel G\u00fcvenlik Pantolonu<\/div>\n\t\t\t\t<\/a>\n\t\t\t\t<div class=\"wc-block-grid__product-price price\"><span class=\"woocommerce-Price-amount amount\"><span class=\"woocommerce-Price-currencySymbol\">&#8378;<\/span>1.200,00<\/span><\/div>\n\t\t\t\t\n\t\t\t\t<div class=\"wp-block-button wc-block-grid__product-add-to-cart\"><a href=\"https:\/\/iselbiselerifiyatlari.com\/index.php\/urun\/ozel-guvenlik-pantolonu\/\" aria-label=\"&ldquo;\u00d6zel G\u00fcvenlik Pantolonu&rdquo; hakk\u0131nda daha fazla bilgi edinin\" data-quantity=\"1\" data-product_id=\"1362\" data-product_sku=\"\" data-price=\"1200\" rel=\"nofollow\" class=\"wp-block-button__link  add_to_cart_button\">Read More<\/a><\/div>\n\t\t\t<\/li><li class=\"wc-block-grid__product\">\n\t\t\t\t<a href=\"https:\/\/iselbiselerifiyatlari.com\/index.php\/urun\/ozel-guvenlik-tisortu\/\" class=\"wc-block-grid__product-link\">\n\t\t\t\t\t\n\t\t\t\t\t<div class=\"wc-block-grid__product-image\"><img loading=\"lazy\" decoding=\"async\" width=\"300\" height=\"300\" src=\"https:\/\/iselbiselerifiyatlari.com\/wp-content\/uploads\/2026\/05\/ozel-guvenlik-tisort--300x300.webp\" class=\"attachment-woocommerce_thumbnail size-woocommerce_thumbnail\" alt=\"Gray polo-style security uniform shirt with black collar and cuffs, &#039;\u00d6zel G\u00fcvenlik&#039; printed on the back and an emblem on the chest.\" srcset=\"https:\/\/iselbiselerifiyatlari.com\/wp-content\/uploads\/2026\/05\/ozel-guvenlik-tisort--300x300.webp 300w, https:\/\/iselbiselerifiyatlari.com\/wp-content\/uploads\/2026\/05\/ozel-guvenlik-tisort--100x100.webp 100w, https:\/\/iselbiselerifiyatlari.com\/wp-content\/uploads\/2026\/05\/ozel-guvenlik-tisort--80x80.webp 80w, https:\/\/iselbiselerifiyatlari.com\/wp-content\/uploads\/2026\/05\/ozel-guvenlik-tisort--36x36.webp 36w, https:\/\/iselbiselerifiyatlari.com\/wp-content\/uploads\/2026\/05\/ozel-guvenlik-tisort--180x180.webp 180w, https:\/\/iselbiselerifiyatlari.com\/wp-content\/uploads\/2026\/05\/ozel-guvenlik-tisort--120x120.webp 120w, https:\/\/iselbiselerifiyatlari.com\/wp-content\/uploads\/2026\/05\/ozel-guvenlik-tisort--450x450.webp 450w\" sizes=\"auto, (max-width: 300px) 100vw, 300px\" \/><\/div>\n\t\t\t\t\t<div class=\"wc-block-grid__product-title\">\u00d6zel G\u00fcvenlik Ti\u015f\u00f6rt\u00fc<\/div>\n\t\t\t\t<\/a>\n\t\t\t\t<div class=\"wc-block-grid__product-price price\"><span class=\"woocommerce-Price-amount amount\"><span class=\"woocommerce-Price-currencySymbol\">&#8378;<\/span>450,00<\/span><\/div>\n\t\t\t\t\n\t\t\t\t<div class=\"wp-block-button wc-block-grid__product-add-to-cart\"><a href=\"https:\/\/iselbiselerifiyatlari.com\/index.php\/urun\/ozel-guvenlik-tisortu\/\" aria-label=\"&ldquo;\u00d6zel G\u00fcvenlik Ti\u015f\u00f6rt\u00fc&rdquo; hakk\u0131nda daha fazla bilgi edinin\" data-quantity=\"1\" data-product_id=\"1350\" data-product_sku=\"\" data-price=\"450\" rel=\"nofollow\" class=\"wp-block-button__link  add_to_cart_button\">Read More<\/a><\/div>\n\t\t\t<\/li><li class=\"wc-block-grid__product\">\n\t\t\t\t<a href=\"https:\/\/iselbiselerifiyatlari.com\/index.php\/urun\/polo-yaka-is-tisortu-turkuaz\/\" class=\"wc-block-grid__product-link\">\n\t\t\t\t\t\n\t\t\t\t\t<div class=\"wc-block-grid__product-image\"><img loading=\"lazy\" decoding=\"async\" width=\"300\" height=\"300\" src=\"https:\/\/iselbiselerifiyatlari.com\/wp-content\/uploads\/2026\/04\/is-tisortu-polo-yaka-turkuaz-scaled-300x300.png\" class=\"attachment-woocommerce_thumbnail size-woocommerce_thumbnail\" alt=\"Kurumsal i\u015f ti\u015f\u00f6rt\u00fc polo yaka\" srcset=\"https:\/\/iselbiselerifiyatlari.com\/wp-content\/uploads\/2026\/04\/is-tisortu-polo-yaka-turkuaz-scaled-300x300.png 300w, https:\/\/iselbiselerifiyatlari.com\/wp-content\/uploads\/2026\/04\/is-tisortu-polo-yaka-turkuaz-scaled-100x100.png 100w, https:\/\/iselbiselerifiyatlari.com\/wp-content\/uploads\/2026\/04\/is-tisortu-polo-yaka-turkuaz-80x80.png 80w, https:\/\/iselbiselerifiyatlari.com\/wp-content\/uploads\/2026\/04\/is-tisortu-polo-yaka-turkuaz-36x36.png 36w, https:\/\/iselbiselerifiyatlari.com\/wp-content\/uploads\/2026\/04\/is-tisortu-polo-yaka-turkuaz-180x180.png 180w, https:\/\/iselbiselerifiyatlari.com\/wp-content\/uploads\/2026\/04\/is-tisortu-polo-yaka-turkuaz-120x120.png 120w, https:\/\/iselbiselerifiyatlari.com\/wp-content\/uploads\/2026\/04\/is-tisortu-polo-yaka-turkuaz-450x450.png 450w\" sizes=\"auto, (max-width: 300px) 100vw, 300px\" \/><\/div>\n\t\t\t\t\t<div class=\"wc-block-grid__product-title\">Polo Yaka \u0130\u015f Ti\u015f\u00f6rt\u00fc Turkuaz<\/div>\n\t\t\t\t<\/a>\n\t\t\t\t<div class=\"wc-block-grid__product-price price\"><span class=\"woocommerce-Price-amount amount\"><span class=\"woocommerce-Price-currencySymbol\">&#8378;<\/span>450,00<\/span><\/div>\n\t\t\t\t\n\t\t\t\t<div class=\"wp-block-button wc-block-grid__product-add-to-cart\"><a href=\"https:\/\/iselbiselerifiyatlari.com\/index.php\/urun\/polo-yaka-is-tisortu-turkuaz\/\" aria-label=\"&ldquo;Polo Yaka \u0130\u015f Ti\u015f\u00f6rt\u00fc Turkuaz&rdquo; hakk\u0131nda daha fazla bilgi edinin\" data-quantity=\"1\" data-product_id=\"1348\" data-product_sku=\"\" data-price=\"450\" rel=\"nofollow\" class=\"wp-block-button__link  add_to_cart_button\">Read More<\/a><\/div>\n\t\t\t<\/li><li class=\"wc-block-grid__product\">\n\t\t\t\t<a href=\"https:\/\/iselbiselerifiyatlari.com\/index.php\/urun\/polo-yaka-is-tisortu-sari-kurumsal-is-tisortu\/\" class=\"wc-block-grid__product-link\">\n\t\t\t\t\t\n\t\t\t\t\t<div class=\"wc-block-grid__product-image\"><img loading=\"lazy\" decoding=\"async\" width=\"300\" height=\"300\" src=\"https:\/\/iselbiselerifiyatlari.com\/wp-content\/uploads\/2026\/04\/is-tisortu-polo-yaka-sari-scaled-300x300.png\" class=\"attachment-woocommerce_thumbnail size-woocommerce_thumbnail\" alt=\"Polo Yaka \u0130\u015f Ti\u015f\u00f6rt\u00fc Sar\u0131 - Kurumsal i\u015f ti\u015f\u00f6rt\u00fc\" srcset=\"https:\/\/iselbiselerifiyatlari.com\/wp-content\/uploads\/2026\/04\/is-tisortu-polo-yaka-sari-scaled-300x300.png 300w, https:\/\/iselbiselerifiyatlari.com\/wp-content\/uploads\/2026\/04\/is-tisortu-polo-yaka-sari-scaled-100x100.png 100w, https:\/\/iselbiselerifiyatlari.com\/wp-content\/uploads\/2026\/04\/is-tisortu-polo-yaka-sari-80x80.png 80w, https:\/\/iselbiselerifiyatlari.com\/wp-content\/uploads\/2026\/04\/is-tisortu-polo-yaka-sari-36x36.png 36w, https:\/\/iselbiselerifiyatlari.com\/wp-content\/uploads\/2026\/04\/is-tisortu-polo-yaka-sari-180x180.png 180w, https:\/\/iselbiselerifiyatlari.com\/wp-content\/uploads\/2026\/04\/is-tisortu-polo-yaka-sari-120x120.png 120w, https:\/\/iselbiselerifiyatlari.com\/wp-content\/uploads\/2026\/04\/is-tisortu-polo-yaka-sari-450x450.png 450w\" sizes=\"auto, (max-width: 300px) 100vw, 300px\" \/><\/div>\n\t\t\t\t\t<div class=\"wc-block-grid__product-title\">Polo Yaka \u0130\u015f Ti\u015f\u00f6rt\u00fc Sar\u0131 &#8211; Kurumsal i\u015f ti\u015f\u00f6rt\u00fc<\/div>\n\t\t\t\t<\/a>\n\t\t\t\t<div class=\"wc-block-grid__product-price price\"><span class=\"woocommerce-Price-amount amount\"><span class=\"woocommerce-Price-currencySymbol\">&#8378;<\/span>450,00<\/span><\/div>\n\t\t\t\t\n\t\t\t\t<div class=\"wp-block-button wc-block-grid__product-add-to-cart\"><a href=\"https:\/\/iselbiselerifiyatlari.com\/index.php\/urun\/polo-yaka-is-tisortu-sari-kurumsal-is-tisortu\/\" aria-label=\"&ldquo;Polo Yaka \u0130\u015f Ti\u015f\u00f6rt\u00fc Sar\u0131 - Kurumsal i\u015f ti\u015f\u00f6rt\u00fc&rdquo; hakk\u0131nda daha fazla bilgi edinin\" data-quantity=\"1\" data-product_id=\"1345\" data-product_sku=\"\" data-price=\"450\" rel=\"nofollow\" class=\"wp-block-button__link  add_to_cart_button\">Read More<\/a><\/div>\n\t\t\t<\/li><\/ul><\/div><\/div>\n<\/div>\n","protected":false},"excerpt":{"rendered":"","protected":false},"author":1,"featured_media":0,"parent":0,"menu_order":0,"comment_status":"closed","ping_status":"closed","template":"","meta":{"om_disable_all_campaigns":false,"_monsterinsights_skip_tracking":false,"_monsterinsights_sitenote_active":false,"_monsterinsights_sitenote_note":"","_monsterinsights_sitenote_category":0,"footnotes":""},"class_list":["post-16","page","type-page","status-publish","hentry"],"aioseo_notices":[],"aioseo_head":"\n\t\t<!-- All in One SEO Pro 4.9.6.2 - aioseo.com -->\n\t<meta name=\"description\" content=\"\u0130lginizi \u00e7ekebilir\u2026 Sepetiniz \u015fu anda bo\u015f! Ma\u011fazada yeni\" \/>\n\t<meta name=\"robots\" content=\"max-image-preview:large\" \/>\n\t<meta name=\"google-site-verification\" content=\"6ToLJRAfSUe8SnLrRoVFLqhsXm0aFJx6Jz_Uig4zYaw\" \/>\n\t<link rel=\"canonical\" href=\"https:\/\/iselbiselerifiyatlari.com\/index.php\/sepet\/\" \/>\n\t<meta name=\"generator\" content=\"All in One SEO Pro (AIOSEO) 4.9.6.2\" \/>\n\t\t<meta property=\"og:locale\" content=\"tr_TR\" \/>\n\t\t<meta property=\"og:site_name\" content=\"\u0130\u015f Elbiseleri Fiyatlar\u0131 - i\u015f k\u0131yafetleri\" \/>\n\t\t<meta property=\"og:type\" content=\"article\" \/>\n\t\t<meta property=\"og:title\" content=\"Sepet - \u0130\u015f Elbiseleri Fiyatlar\u0131\" \/>\n\t\t<meta property=\"og:description\" content=\"\u0130lginizi \u00e7ekebilir\u2026 Sepetiniz \u015fu anda bo\u015f! Ma\u011fazada yeni\" \/>\n\t\t<meta property=\"og:url\" content=\"https:\/\/iselbiselerifiyatlari.com\/index.php\/sepet\/\" \/>\n\t\t<meta property=\"og:image\" content=\"https:\/\/iselbiselerifiyatlari.com\/wp-content\/uploads\/2026\/04\/Gemini_Generated_Image_7t98y97t98y97t98.png\" \/>\n\t\t<meta property=\"og:image:secure_url\" content=\"https:\/\/iselbiselerifiyatlari.com\/wp-content\/uploads\/2026\/04\/Gemini_Generated_Image_7t98y97t98y97t98.png\" \/>\n\t\t<meta property=\"og:image:width\" content=\"2265\" \/>\n\t\t<meta property=\"og:image:height\" content=\"837\" \/>\n\t\t<meta property=\"article:published_time\" content=\"2026-04-26T18:09:36+00:00\" \/>\n\t\t<meta property=\"article:modified_time\" content=\"2026-04-26T18:09:36+00:00\" \/>\n\t\t<meta name=\"twitter:card\" content=\"summary_large_image\" \/>\n\t\t<meta name=\"twitter:title\" content=\"Sepet - \u0130\u015f Elbiseleri Fiyatlar\u0131\" \/>\n\t\t<meta name=\"twitter:description\" content=\"\u0130lginizi \u00e7ekebilir\u2026 Sepetiniz \u015fu anda bo\u015f! Ma\u011fazada yeni\" \/>\n\t\t<meta name=\"twitter:image\" content=\"https:\/\/iselbiselerifiyatlari.com\/wp-content\/uploads\/2026\/04\/Gemini_Generated_Image_7t98y97t98y97t98.png\" \/>\n\t\t<script type=\"application\/ld+json\" class=\"aioseo-schema\">\n\t\t\t{\"@context\":\"https:\\\/\\\/schema.org\",\"@graph\":[{\"@type\":\"BreadcrumbList\",\"@id\":\"https:\\\/\\\/iselbiselerifiyatlari.com\\\/index.php\\\/sepet\\\/#breadcrumblist\",\"itemListElement\":[{\"@type\":\"ListItem\",\"@id\":\"https:\\\/\\\/iselbiselerifiyatlari.com#listItem\",\"position\":1,\"name\":\"Home\",\"item\":\"https:\\\/\\\/iselbiselerifiyatlari.com\",\"nextItem\":{\"@type\":\"ListItem\",\"@id\":\"https:\\\/\\\/iselbiselerifiyatlari.com\\\/index.php\\\/sepet\\\/#listItem\",\"name\":\"Sepet\"}},{\"@type\":\"ListItem\",\"@id\":\"https:\\\/\\\/iselbiselerifiyatlari.com\\\/index.php\\\/sepet\\\/#listItem\",\"position\":2,\"name\":\"Sepet\",\"previousItem\":{\"@type\":\"ListItem\",\"@id\":\"https:\\\/\\\/iselbiselerifiyatlari.com#listItem\",\"name\":\"Home\"}}]},{\"@type\":\"Organization\",\"@id\":\"https:\\\/\\\/iselbiselerifiyatlari.com\\\/#organization\",\"name\":\"\\u0130\\u015f Elbiseleri Fiyatlar\\u0131\",\"description\":\"i\\u015f k\\u0131yafetleri\",\"url\":\"https:\\\/\\\/iselbiselerifiyatlari.com\\\/\",\"email\":\"info@iselbiselerifiyatlari.com\",\"telephone\":\"+905414424944\",\"foundingDate\":\"1996-01-01\",\"numberOfEmployees\":{\"@type\":\"QuantitativeValue\",\"value\":10},\"logo\":{\"@type\":\"ImageObject\",\"url\":\"https:\\\/\\\/iselbiselerifiyatlari.com\\\/wp-content\\\/uploads\\\/2026\\\/04\\\/Gemini_Generated_Image_7t98y97t98y97t98.png\",\"@id\":\"https:\\\/\\\/iselbiselerifiyatlari.com\\\/index.php\\\/sepet\\\/#organizationLogo\",\"width\":2265,\"height\":837},\"image\":{\"@id\":\"https:\\\/\\\/iselbiselerifiyatlari.com\\\/index.php\\\/sepet\\\/#organizationLogo\"},\"sameAs\":[\"https:\\\/\\\/instagram.com\\\/nakisbaski\\\/\"],\"address\":{\"@id\":\"https:\\\/\\\/iselbiselerifiyatlari.com\\\/#postaladdress\",\"@type\":\"PostalAddress\",\"streetAddress\":\"\\u00c7ar\\u015f\\u0131 Mah. Kartal Cad. NO:42, \\u00c7ar\\u015f\\u0131 Mah. Kartal Cad. NO:42\",\"postalCode\":\"34875\",\"addressLocality\":\"\\u0130stanbul\",\"addressRegion\":\"\\u0130stanbul\",\"addressCountry\":\"TR\"}},{\"@type\":\"WebPage\",\"@id\":\"https:\\\/\\\/iselbiselerifiyatlari.com\\\/index.php\\\/sepet\\\/#webpage\",\"url\":\"https:\\\/\\\/iselbiselerifiyatlari.com\\\/index.php\\\/sepet\\\/\",\"name\":\"Sepet - \\u0130\\u015f Elbiseleri Fiyatlar\\u0131\",\"description\":\"\\u0130lginizi \\u00e7ekebilir\\u2026 Sepetiniz \\u015fu anda bo\\u015f! Ma\\u011fazada yeni\",\"inLanguage\":\"tr-TR\",\"isPartOf\":{\"@id\":\"https:\\\/\\\/iselbiselerifiyatlari.com\\\/#website\"},\"breadcrumb\":{\"@id\":\"https:\\\/\\\/iselbiselerifiyatlari.com\\\/index.php\\\/sepet\\\/#breadcrumblist\"},\"datePublished\":\"2026-04-26T20:09:36+02:00\",\"dateModified\":\"2026-04-26T20:09:36+02:00\"},{\"@type\":\"WebSite\",\"@id\":\"https:\\\/\\\/iselbiselerifiyatlari.com\\\/#website\",\"url\":\"https:\\\/\\\/iselbiselerifiyatlari.com\\\/\",\"name\":\"\\u0130\\u015f Elbiseleri Fiyatlar\\u0131\",\"alternateName\":\"\\u0130\\u015f k\\u0131yafetleri fiyatlar\\u0131\",\"description\":\"i\\u015f k\\u0131yafetleri\",\"inLanguage\":\"tr-TR\",\"publisher\":{\"@id\":\"https:\\\/\\\/iselbiselerifiyatlari.com\\\/#organization\"}}]}\n\t\t<\/script>\n\t\t<!-- All in One SEO Pro -->\r\n\t\t<title>Sepet - \u0130\u015f Elbiseleri Fiyatlar\u0131<\/title>\n\n","aioseo_head_json":{"title":"Sepet - \u0130\u015f Elbiseleri Fiyatlar\u0131","description":"\u0130lginizi \u00e7ekebilir\u2026 Sepetiniz \u015fu anda bo\u015f! Ma\u011fazada yeni","canonical_url":"https:\/\/iselbiselerifiyatlari.com\/index.php\/sepet\/","robots":"max-image-preview:large","keywords":"","webmasterTools":{"google-site-verification":"6ToLJRAfSUe8SnLrRoVFLqhsXm0aFJx6Jz_Uig4zYaw","miscellaneous":""},"schema":{"@context":"https:\/\/schema.org","@graph":[{"@type":"BreadcrumbList","@id":"https:\/\/iselbiselerifiyatlari.com\/index.php\/sepet\/#breadcrumblist","itemListElement":[{"@type":"ListItem","@id":"https:\/\/iselbiselerifiyatlari.com#listItem","position":1,"name":"Home","item":"https:\/\/iselbiselerifiyatlari.com","nextItem":{"@type":"ListItem","@id":"https:\/\/iselbiselerifiyatlari.com\/index.php\/sepet\/#listItem","name":"Sepet"}},{"@type":"ListItem","@id":"https:\/\/iselbiselerifiyatlari.com\/index.php\/sepet\/#listItem","position":2,"name":"Sepet","previousItem":{"@type":"ListItem","@id":"https:\/\/iselbiselerifiyatlari.com#listItem","name":"Home"}}]},{"@type":"Organization","@id":"https:\/\/iselbiselerifiyatlari.com\/#organization","name":"\u0130\u015f Elbiseleri Fiyatlar\u0131","description":"i\u015f k\u0131yafetleri","url":"https:\/\/iselbiselerifiyatlari.com\/","email":"info@iselbiselerifiyatlari.com","telephone":"+905414424944","foundingDate":"1996-01-01","numberOfEmployees":{"@type":"QuantitativeValue","value":10},"logo":{"@type":"ImageObject","url":"https:\/\/iselbiselerifiyatlari.com\/wp-content\/uploads\/2026\/04\/Gemini_Generated_Image_7t98y97t98y97t98.png","@id":"https:\/\/iselbiselerifiyatlari.com\/index.php\/sepet\/#organizationLogo","width":2265,"height":837},"image":{"@id":"https:\/\/iselbiselerifiyatlari.com\/index.php\/sepet\/#organizationLogo"},"sameAs":["https:\/\/instagram.com\/nakisbaski\/"],"address":{"@id":"https:\/\/iselbiselerifiyatlari.com\/#postaladdress","@type":"PostalAddress","streetAddress":"\u00c7ar\u015f\u0131 Mah. Kartal Cad. NO:42, \u00c7ar\u015f\u0131 Mah. Kartal Cad. NO:42","postalCode":"34875","addressLocality":"\u0130stanbul","addressRegion":"\u0130stanbul","addressCountry":"TR"}},{"@type":"WebPage","@id":"https:\/\/iselbiselerifiyatlari.com\/index.php\/sepet\/#webpage","url":"https:\/\/iselbiselerifiyatlari.com\/index.php\/sepet\/","name":"Sepet - \u0130\u015f Elbiseleri Fiyatlar\u0131","description":"\u0130lginizi \u00e7ekebilir\u2026 Sepetiniz \u015fu anda bo\u015f! Ma\u011fazada yeni","inLanguage":"tr-TR","isPartOf":{"@id":"https:\/\/iselbiselerifiyatlari.com\/#website"},"breadcrumb":{"@id":"https:\/\/iselbiselerifiyatlari.com\/index.php\/sepet\/#breadcrumblist"},"datePublished":"2026-04-26T20:09:36+02:00","dateModified":"2026-04-26T20:09:36+02:00"},{"@type":"WebSite","@id":"https:\/\/iselbiselerifiyatlari.com\/#website","url":"https:\/\/iselbiselerifiyatlari.com\/","name":"\u0130\u015f Elbiseleri Fiyatlar\u0131","alternateName":"\u0130\u015f k\u0131yafetleri fiyatlar\u0131","description":"i\u015f k\u0131yafetleri","inLanguage":"tr-TR","publisher":{"@id":"https:\/\/iselbiselerifiyatlari.com\/#organization"}}]},"og:locale":"tr_TR","og:site_name":"\u0130\u015f Elbiseleri Fiyatlar\u0131 - i\u015f k\u0131yafetleri","og:type":"article","og:title":"Sepet - \u0130\u015f Elbiseleri Fiyatlar\u0131","og:description":"\u0130lginizi \u00e7ekebilir\u2026 Sepetiniz \u015fu anda bo\u015f! Ma\u011fazada yeni","og:url":"https:\/\/iselbiselerifiyatlari.com\/index.php\/sepet\/","og:image":"https:\/\/iselbiselerifiyatlari.com\/wp-content\/uploads\/2026\/04\/Gemini_Generated_Image_7t98y97t98y97t98.png","og:image:secure_url":"https:\/\/iselbiselerifiyatlari.com\/wp-content\/uploads\/2026\/04\/Gemini_Generated_Image_7t98y97t98y97t98.png","og:image:width":2265,"og:image:height":837,"article:published_time":"2026-04-26T18:09:36+00:00","article:modified_time":"2026-04-26T18:09:36+00:00","twitter:card":"summary_large_image","twitter:title":"Sepet - \u0130\u015f Elbiseleri Fiyatlar\u0131","twitter:description":"\u0130lginizi \u00e7ekebilir\u2026 Sepetiniz \u015fu anda bo\u015f! Ma\u011fazada yeni","twitter:image":"https:\/\/iselbiselerifiyatlari.com\/wp-content\/uploads\/2026\/04\/Gemini_Generated_Image_7t98y97t98y97t98.png"},"aioseo_meta_data":{"post_id":"16","title":null,"description":null,"keywords":null,"keyphrases":null,"primary_term":null,"canonical_url":null,"og_title":null,"og_description":null,"og_object_type":"default","og_image_type":"default","og_image_url":null,"og_image_width":null,"og_image_height":null,"og_image_custom_url":null,"og_image_custom_fields":null,"og_video":null,"og_custom_url":null,"og_article_section":null,"og_article_tags":null,"twitter_use_og":false,"twitter_card":"default","twitter_image_type":"default","twitter_image_url":null,"twitter_image_custom_url":null,"twitter_image_custom_fields":null,"twitter_title":null,"twitter_description":null,"schema":{"blockGraphs":[],"customGraphs":[],"default":{"data":{"Article":[],"Course":[],"Dataset":[],"FAQPage":[],"Movie":[],"Person":[],"Product":[],"ProductReview":[],"Car":[],"Recipe":[],"Service":[],"SoftwareApplication":[],"WebPage":[]},"graphName":"","isEnabled":true},"graphs":[]},"schema_type":"default","schema_type_options":null,"pillar_content":false,"robots_default":true,"robots_noindex":false,"robots_noarchive":false,"robots_nosnippet":false,"robots_nofollow":false,"robots_noimageindex":false,"robots_noodp":false,"robots_notranslate":false,"robots_max_snippet":null,"robots_max_videopreview":null,"robots_max_imagepreview":"large","priority":null,"frequency":null,"local_seo":null,"seo_analyzer_scan_date":"2026-04-26 23:07:52","breadcrumb_settings":null,"limit_modified_date":false,"reviewed_by":null,"open_ai":null,"ai":null,"created":"2026-04-26 23:06:45","updated":"2026-04-26 23:11:13"},"aioseo_breadcrumb":"<div class=\"aioseo-breadcrumbs\"><span class=\"aioseo-breadcrumb\">\n\t<a href=\"https:\/\/iselbiselerifiyatlari.com\" title=\"Home\">Home<\/a>\n<\/span><span class=\"aioseo-breadcrumb-separator\">&raquo;<\/span><span class=\"aioseo-breadcrumb\">\n\tSepet\n<\/span><\/div>","aioseo_breadcrumb_json":[{"label":"Home","link":"https:\/\/iselbiselerifiyatlari.com"},{"label":"Sepet","link":"https:\/\/iselbiselerifiyatlari.com\/index.php\/sepet\/"}],"_links":{"self":[{"href":"https:\/\/iselbiselerifiyatlari.com\/index.php\/wp-json\/wp\/v2\/pages\/16","targetHints":{"allow":["GET"]}}],"collection":[{"href":"https:\/\/iselbiselerifiyatlari.com\/index.php\/wp-json\/wp\/v2\/pages"}],"about":[{"href":"https:\/\/iselbiselerifiyatlari.com\/index.php\/wp-json\/wp\/v2\/types\/page"}],"author":[{"embeddable":true,"href":"https:\/\/iselbiselerifiyatlari.com\/index.php\/wp-json\/wp\/v2\/users\/1"}],"replies":[{"embeddable":true,"href":"https:\/\/iselbiselerifiyatlari.com\/index.php\/wp-json\/wp\/v2\/comments?post=16"}],"version-history":[{"count":1,"href":"https:\/\/iselbiselerifiyatlari.com\/index.php\/wp-json\/wp\/v2\/pages\/16\/revisions"}],"predecessor-version":[{"id":20,"href":"https:\/\/iselbiselerifiyatlari.com\/index.php\/wp-json\/wp\/v2\/pages\/16\/revisions\/20"}],"wp:attachment":[{"href":"https:\/\/iselbiselerifiyatlari.com\/index.php\/wp-json\/wp\/v2\/media?parent=16"}],"curies":[{"name":"wp","href":"https:\/\/api.w.org\/{rel}","templated":true}]}}